{"id":1374,"date":"2019-11-16T00:43:59","date_gmt":"2019-11-15T22:43:59","guid":{"rendered":"https:\/\/areospolis.gr\/location\/"},"modified":"2019-12-23T17:32:15","modified_gmt":"2019-12-23T15:32:15","slug":"lage","status":"publish","type":"page","link":"https:\/\/areospolis.gr\/de\/lage\/","title":{"rendered":"LAGE"},"content":{"rendered":"<div class=\"wpb-content-wrapper\">[mk_page_section enable_3d=&#8220;true&#8220; min_height=&#8220;390&#8243; full_width=&#8220;true&#8220; padding_top=&#8220;0&#8243; padding_bottom=&#8220;0&#8243; skip_arrow=&#8220;true&#8220; bottom_shape_style=&#8220;folded-bottom&#8220; bottom_shape_size=&#8220;small&#8220; bottom_shape_bg_color=&#8220;#bababa&#8220; sidebar=&#8220;sidebar-1&#8243;][vc_column][mk_photo_album space=&#8220;0&#8243; column=&#8220;1&#8243; image_size=&#8220;full&#8220; album_height=&#8220;600&#8243; description_preview=&#8220;false&#8220; thumbnail_preview=&#8220;false&#8220; overlay_preview=&#8220;false&#8220; count=&#8220;1&#8243; pagination=&#8220;false&#8220; title_font_size=&#8220;0&#8243; posts=&#8220;1161&#8243;][\/vc_column][\/mk_page_section][vc_row][vc_column][vc_empty_space height=&#8220;40px&#8220;][\/vc_column][\/vc_row][vc_row css=&#8220;.vc_custom_1574600615443{padding-top: 35px !important;padding-bottom: 5px !important;}&#8220;][vc_column][vc_column_text css=&#8220;.vc_custom_1577112851076{margin-bottom: 0px !important;padding-bottom: 0px !important;}&#8220;]\n<h2 style=\"text-align: center;\">LAGE<\/h2>\n<p style=\"text-align: center;\">Das Hotel Areos Polis befindet sich im Zentrum der historischen Gemeinde Areopolis mit ihren steingepflasterten G\u00e4sschen und ihren strengen Wohnt\u00fcrmen von geschichtlicher Bedeutung, die Sie verzaubern und in eine andere Epoche entf\u00fchren wird.<\/p>\n<p style=\"text-align: center;\">Das Areos Polis bietet sich an als Ausgangspunkt f\u00fcr Ihre Ausfl\u00fcge in die wilde und gleichzeitig wundersch\u00f6ne Landschaft der Mani, zu den \u00fcberall verstreut liegenden Kapellen, zu den traditionellen D\u00f6rfern und ihren malerischen Str\u00e4nden und als Hafen zu Ihrer Entspannung und zum Ausruhen, aber auch zu Ihrer Unterhaltung.<\/p>\n<p style=\"text-align: center;\">In unmittelbarer Umgebung finden Sie, was auch immer Sie brauchen, angefangen bei lukullischen Gen\u00fcssen in den umliegenden Restaurants und traditionellen Tavernen, wo Ihnen lokale Spezialit\u00e4ten serviert werden, bis hin zu Bars und Caf\u00e9s, in denen Sie Cocktails oder Kaffee genie\u00dfen k\u00f6nnen.<\/p>\n<p style=\"text-align: center;\">Die Familie des Areos Polis gibt Ihnen gern Tipps und Informationen \u00fcber unsere Umgebung.<\/p>\n<p>&nbsp;<\/p>\n<h2 style=\"text-align: center;\">AKTIVIT\u00c4TEN<\/h2>\n<p style=\"text-align: center;\">\u2756 Organisation von Hochzeiten und Veranstaltungen \u00a0 \u2756 Wanderungen mit \u00f6rtlichen F\u00fchrern \u00a0 \u2756 Reiten im nahegelegenen Reitverein \u00a0 \u2756 Mini- Kreuzfahrten \u00a0 \u2756 Tauchg\u00e4nge<\/p>\n[\/vc_column_text][\/vc_column][\/vc_row][vc_row][vc_column css=&#8220;.vc_custom_1574690220989{padding-top: 0px !important;}&#8220; offset=&#8220;vc_hidden-xs&#8220;][mk_gallery images=&#8220;730,727,724,721,718&#8243; column=&#8220;5&#8243; image_size=&#8220;full&#8220; hover_scenarios=&#8220;slow_zoom&#8220; orderby=&#8220;post__in&#8220;][\/vc_column][\/vc_row][vc_row][vc_column][vc_empty_space height=&#8220;40px&#8220;][\/vc_column][\/vc_row][vc_row css=&#8220;.vc_custom_1574600615443{padding-top: 35px !important;padding-bottom: 5px !important;}&#8220;][vc_column][vc_column_text css=&#8220;.vc_custom_1577114821746{margin-bottom: 0px !important;padding-bottom: 0px !important;}&#8220;]\n<h2 style=\"text-align: center;\">SEHENSW\u00dcRDIGKEITEN<\/h2>\n<p style=\"text-align: center;\">Die Mani ist eine der traditionsreichsten Regionen Griechenlands mit reichem geschichtlichem und kulturellem Erbe. Sie liegt im S\u00fcden des Peloponnes, umschlossen vom messinischen Golf an der westlichen und dem lakonischen Golf an der \u00f6stlichen Seite. Die Entfernung von Athen betr\u00e4gt drei Stunden.<br \/>\nEin wahres Freilichtmuseum ist das Gebiet der Mani, wo wir unz\u00e4hlige historische Monumente eingebettet in die unglaubliche Sch\u00f6nheit dieser wilden Landschaft finden. Byzantinische Kirchen, Burgen, traditionelle \u00d6lm\u00fchlen, Windm\u00fchlen, malerische Buchten, H\u00f6hlen und zahlreiche kleine Siedlungen, die mit ihren strengen Wohnt\u00fcrmen ihr altes Erscheinungsbild gewahrt haben, ziehen die Aufmerksamkeit des Besuchers auf sich.Die Mani verbindet alles.<\/p>\n[\/vc_column_text][\/vc_column][\/vc_row][vc_row][vc_column][vc_empty_space height=&#8220;40px&#8220;][\/vc_column][\/vc_row][mk_page_section bg_image=&#8220;https:\/\/areospolis.gr\/wp-content\/uploads\/2019\/11\/mani-areopoli.jpg&#8220; attachment=&#8220;fixed&#8220; bg_position=&#8220;center center&#8220; bg_stretch=&#8220;true&#8220; enable_3d=&#8220;true&#8220; sidebar=&#8220;sidebar-1&#8243;][vc_column][vc_row_inner is_fullwidth_content=&#8220;false&#8220;][vc_column_inner][vc_column_text css=&#8220;.vc_custom_1577114959244{margin-bottom: 0px !important;padding-top: 80px !important;padding-bottom: 80px !important;}&#8220;]\n<h2 style=\"text-align: center;\"><span style=\"color: #ffffff;\">Mani kombiniert alles<\/span><\/h2>\n<p style=\"text-align: center;\"><span style=\"color: #ffffff;\">Idyllische Landschaften bieten sich f\u00fcr Wanderungen \u00fcber Pflasterwege und durch einzigartige Schluchten an, bemerkenswerte Monumente und Sehensw\u00fcrdigkeiten, wunderbare K\u00fcsten mit kristallklarem Wasser und sch\u00f6nen Str\u00e4nden, die Sie Begeistern werden, gewaltige Felsformationen wie im Cavo Grosso, wo Wildblumen die Luft mit ihrem Duft erf\u00fcllen.<\/span><\/p>\n[\/vc_column_text][\/vc_column_inner][\/vc_row_inner][\/vc_column][\/mk_page_section][vc_row][vc_column][vc_empty_space height=&#8220;40px&#8220;][\/vc_column][\/vc_row][vc_row css=&#8220;.vc_custom_1574600615443{padding-top: 35px !important;padding-bottom: 5px !important;}&#8220;][vc_column][vc_column_text css=&#8220;.vc_custom_1577115039269{margin-bottom: 0px !important;padding-bottom: 0px !important;}&#8220;]\n<h2 style=\"text-align: center;\">Wanderungen<\/h2>\n<p style=\"text-align: center;\">Naturfreunde haben hier unbegrenzte M\u00f6glichkeiten zum Wandern, z um Beispiel auf gekennzeichneten Wanderwegen. Das Areos Polis ist Ausgangspunkt f\u00fcr Touren, die direkt an unserer T\u00fcr beginnen und bis zum Tigani oder nach Tainaro f\u00fchren. Dort k\u00f6nnen Sie die Mani von ihrer sch\u00f6nsten Seiten kennen lernen, indem Sie bis zum Leuchtturm laufen, der auf der s\u00fcdlichsten Spitze des europ\u00e4ischen Festlandes steht. Lassen Sie sich in die Vergangenheit entf\u00fchren, in die Zeit, wo sich hier dem Mythos nach das Tor zum Hades befand.<\/p>\n[\/vc_column_text][\/vc_column][\/vc_row][vc_row][vc_column][vc_empty_space height=&#8220;40px&#8220;][\/vc_column][\/vc_row][vc_row css=&#8220;.vc_custom_1574600615443{padding-top: 35px !important;padding-bottom: 5px !important;}&#8220;][vc_column][vc_column_text css=&#8220;.vc_custom_1577115131078{margin-bottom: 0px !important;padding-bottom: 0px !important;}&#8220;]\n<h2 style=\"text-align: center;\">Historische D\u00f6rfer und landschaftliche Sch\u00f6nheit<\/h2>\n<p style=\"text-align: center;\">Die Mani wird Sie von einer Grenze zur anderen verzaubern, von Areopolis, der alten Stadt des Gottes Ares, Hauptstadt der Mani mit steingepflasterten Gassen, die noch die Zeichen der ruhmreichen Vergangenheit tragen und mit ihrem lebendigen Dorfplatz. N\u00f6rdlich das Dorf Oitylos, erbaut auf dem Auslauf einer Schlucht, gegen\u00fcber der in Ruinen liegenden Burg Kelefas. Etwas s\u00fcdlich von Areopolis befindet sich der Ort Pyrgos Dirou. Hier befindet sich eine der sch\u00f6nsten Wassergrotten der Welt, die H\u00f6hlen von Dirou. Gerolimenas, ein kleines, direkt am Meer gelegenes Dorf ist eine der malerischsten Siedlungen der Mani mit einem kleinen, nat\u00fcrlichen Hafen, der fr\u00fcher den Namen \u201eIeros Limenas\u201c, d.h. \u201eheiliger Hafen\u201c tr\u00e4gt. Die \u00dcberraschungen h\u00f6ren nicht auf, wenn der Besucher zum zauberhaften Ort Vathia mit seinen typischen Wohnt\u00fcrmen kommt oder beim Anblick von Kirchen, die auf den Fels geklebt zu sein scheinen, im Kontrast der strengen maniatischen Landschaft mit der unendlichen blauen See.<\/p>\n<p style=\"text-align: center;\">Die Mani stellt ein einzigartiges Urlaubsziel dar, das Ihnen Ruhe, Entspannung und Unterhaltung bietet, mit den Gen\u00fcssen, die das Land hier hervorbringt und die Sie in den malerischen Tavernen serviert bekommen, sowie zahlreichen M\u00f6glichkeiten der Unterhaltung in kleinen Bars und Caf\u00e9s.<\/p>\n[\/vc_column_text][\/vc_column][\/vc_row][vc_row][vc_column][vc_empty_space height=&#8220;40px&#8220;][\/vc_column][\/vc_row]\n<\/div>","protected":false},"excerpt":{"rendered":"<p>[mk_page_section enable_3d=&#8220;true&#8220; min_height=&#8220;390&#8243; full_width=&#8220;true&#8220; padding_top=&#8220;0&#8243; padding_bottom=&#8220;0&#8243; skip_arrow=&#8220;true&#8220; bottom_shape_style=&#8220;folded-bottom&#8220; bottom_shape_size=&#8220;small&#8220; bottom_shape_bg_color=&#8220;#bababa&#8220; sidebar=&#8220;sidebar-1&#8243;][vc_column][mk_photo_album space=&#8220;0&#8243; column=&#8220;1&#8243; image_size=&#8220;full&#8220; album_height=&#8220;600&#8243; description_preview=&#8220;false&#8220; thumbnail_preview=&#8220;false&#8220; overlay_preview=&#8220;false&#8220; count=&#8220;1&#8243; pagination=&#8220;false&#8220; title_font_size=&#8220;0&#8243; posts=&#8220;1161&#8243;][\/vc_column][\/mk_page_section][vc_row][vc_column][vc_empty_space height=&#8220;40px&#8220;][\/vc_column][\/vc_row][vc_row css=&#8220;.vc_custom_1574600615443{padding-top: 35px !important;padding-bottom: 5px !important;}&#8220;][vc_column][vc_column_text css=&#8220;.vc_custom_1577112851076{margin-bottom: 0px !important;padding-bottom: 0px !important;}&#8220;] LAGE Das Hotel Areos Polis befindet sich im Zentrum der historischen Gemeinde Areopolis mit ihren steingepflasterten G\u00e4sschen und ihren strengen Wohnt\u00fcrmen von [&hellip;]<\/p>\n","protected":false},"author":2,"featured_media":0,"parent":0,"menu_order":0,"comment_status":"closed","ping_status":"closed","template":"","meta":{"footnotes":""},"class_list":["post-1374","page","type-page","status-publish","hentry"],"_links":{"self":[{"href":"https:\/\/areospolis.gr\/de\/wp-json\/wp\/v2\/pages\/1374","targetHints":{"allow":["GET"]}}],"collection":[{"href":"https:\/\/areospolis.gr\/de\/wp-json\/wp\/v2\/pages"}],"about":[{"href":"https:\/\/areospolis.gr\/de\/wp-json\/wp\/v2\/types\/page"}],"author":[{"embeddable":true,"href":"https:\/\/areospolis.gr\/de\/wp-json\/wp\/v2\/users\/2"}],"replies":[{"embeddable":true,"href":"https:\/\/areospolis.gr\/de\/wp-json\/wp\/v2\/comments?post=1374"}],"version-history":[{"count":4,"href":"https:\/\/areospolis.gr\/de\/wp-json\/wp\/v2\/pages\/1374\/revisions"}],"predecessor-version":[{"id":1378,"href":"https:\/\/areospolis.gr\/de\/wp-json\/wp\/v2\/pages\/1374\/revisions\/1378"}],"wp:attachment":[{"href":"https:\/\/areospolis.gr\/de\/wp-json\/wp\/v2\/media?parent=1374"}],"curies":[{"name":"wp","href":"https:\/\/api.w.org\/{rel}","templated":true}]}}