{"id":1380,"date":"2019-11-16T00:45:05","date_gmt":"2019-11-15T22:45:05","guid":{"rendered":"https:\/\/areospolis.gr\/roof-garden\/"},"modified":"2019-12-23T17:45:45","modified_gmt":"2019-12-23T15:45:45","slug":"terrasse","status":"publish","type":"page","link":"https:\/\/areospolis.gr\/de\/terrasse\/","title":{"rendered":"TERRASSE"},"content":{"rendered":"<div class=\"wpb-content-wrapper\">[mk_page_section attachment=&#8220;fixed&#8220; bg_position=&#8220;center center&#8220; bg_stretch=&#8220;true&#8220; bg_video=&#8220;yes&#8220; mp4=&#8220;http:\/\/areospolis.gr\/areospolis.mp4&#8243; poster_image=&#8220;https:\/\/areospolis.gr\/wp-content\/uploads\/2019\/11\/areospolis-03.jpg&#8220; full_width=&#8220;true&#8220; full_height=&#8220;true&#8220; padding_top=&#8220;0&#8243; padding_bottom=&#8220;0&#8243; skip_arrow=&#8220;true&#8220; el_class=&#8220;taratza&#8220; sidebar=&#8220;sidebar-1&#8243;][vc_column][\/vc_column][\/mk_page_section][vc_row][vc_column][vc_empty_space height=&#8220;60px&#8220;][\/vc_column][\/vc_row][vc_row css=&#8220;.vc_custom_1574615249786{padding-top: 45px !important;padding-bottom: 45px !important;}&#8220;][vc_column width=&#8220;1\/2&#8243;][vc_row_inner][vc_column_inner width=&#8220;1\/4&#8243;][\/vc_column_inner][vc_column_inner width=&#8220;3\/4&#8243;][vc_column_text css=&#8220;.vc_custom_1577115693117{margin-bottom: 0px !important;}&#8220;]\n<h1 style=\"font-size: 57px; font-weight: 900; margin-bottom: 0px;\">TERRASSE<\/h1>\n[\/vc_column_text][\/vc_column_inner][\/vc_row_inner][vc_row_inner][vc_column_inner width=&#8220;1\/4&#8243; offset=&#8220;vc_hidden-xs&#8220;][vc_single_image image=&#8220;803&#8243; img_size=&#8220;full&#8220;][\/vc_column_inner][vc_column_inner width=&#8220;3\/4&#8243;][vc_column_text css=&#8220;.vc_custom_1577115796251{margin-bottom: 0px !important;}&#8220;]\n<h2>ROOF GARDEN<\/h2>\n<p style=\"text-align: justify;\">Genie\u00dfen Sie die atemberaubende Aussicht auf das traditionelle Areopoli unter einem spektakul\u00e4ren Sternenhimmel im Caf\u00e9-Bistro Tarratz\u03b1 auf dem Dach. Areospolis Terrasse einzigartige Kulisse, stilvolle Cocktails und leckeres Fingerfood.<br \/>\nProbieren Sie Drinks der Marke Boutique, w\u00e4hrend Sie hippe Musik h\u00f6ren und die unglaubliche Aussicht von der Au\u00dfenterrasse genie\u00dfen, und machen Sie diese Bar zum beliebten Treffpunkt von Mani.<\/p>\n[\/vc_column_text][\/vc_column_inner][\/vc_row_inner][vc_row_inner][vc_column_inner][vc_column_text css=&#8220;.vc_custom_1577115861957{margin-bottom: 0px !important;}&#8220;]\n<p style=\"text-align: justify;\">Genie\u00dfen Sie erstklassige Fleischst\u00fccke, schmecken Sie k\u00f6stliche Salate der Saison in einer unschlagbaren Umgebung mit Blick auf die Altstadt von Areopolis.<\/p>\n[\/vc_column_text][\/vc_column_inner][\/vc_row_inner][vc_empty_space height=&#8220;50px&#8220;][mk_image src=&#8220;https:\/\/areospolis.gr\/wp-content\/uploads\/2019\/11\/areopolis-hotel-taratsa-13.jpg&#8220; image_width=&#8220;640&#8243; image_height=&#8220;640&#8243; align=&#8220;center&#8220; animation=&#8220;fade-in&#8220;][vc_empty_space height=&#8220;30px&#8220;][mk_image src=&#8220;https:\/\/areospolis.gr\/wp-content\/uploads\/2019\/11\/areopolis-hotel-taratsa-12.jpg&#8220; image_width=&#8220;640&#8243; image_height=&#8220;640&#8243; align=&#8220;center&#8220; animation=&#8220;fade-in&#8220;][\/vc_column][vc_column width=&#8220;1\/2&#8243;][mk_image src=&#8220;https:\/\/areospolis.gr\/wp-content\/uploads\/2019\/11\/areospolis-26.jpg&#8220; image_size=&#8220;full&#8220; align=&#8220;center&#8220; animation=&#8220;fade-in&#8220;][vc_empty_space height=&#8220;30px&#8220;][mk_image src=&#8220;https:\/\/areospolis.gr\/wp-content\/uploads\/2019\/11\/areopolis-hotel-taratsa-14.jpg&#8220; image_width=&#8220;640&#8243; image_height=&#8220;640&#8243; align=&#8220;center&#8220; animation=&#8220;fade-in&#8220;][vc_empty_space height=&#8220;30px&#8220;][mk_image src=&#8220;https:\/\/areospolis.gr\/wp-content\/uploads\/2019\/11\/areopolis-hotel-taratsa-11.jpg&#8220; image_width=&#8220;640&#8243; image_height=&#8220;640&#8243; align=&#8220;center&#8220; animation=&#8220;fade-in&#8220;][\/vc_column][\/vc_row][vc_row][vc_column width=&#8220;1\/2&#8243;][vc_column_text css=&#8220;.vc_custom_1575072097763{margin-bottom: 0px !important;}&#8220;]\n<h1 style=\"font-size: 57px; font-weight: 900; margin-bottom: 0px;\">MENU<\/h1>\n[\/vc_column_text][\/vc_column][vc_column width=&#8220;1\/2&#8243;][\/vc_column][\/vc_row][vc_row][vc_column][vc_empty_space height=&#8220;60px&#8220;][\/vc_column][\/vc_row][vc_row][vc_column][vc_single_image image=&#8220;1129&#8243; img_size=&#8220;full&#8220; alignment=&#8220;center&#8220; css_animation=&#8220;fadeIn&#8220;][vc_single_image image=&#8220;1132&#8243; img_size=&#8220;full&#8220; alignment=&#8220;center&#8220; css_animation=&#8220;fadeIn&#8220;][\/vc_column][\/vc_row]\n<\/div>","protected":false},"excerpt":{"rendered":"<p>[mk_page_section attachment=&#8220;fixed&#8220; bg_position=&#8220;center center&#8220; bg_stretch=&#8220;true&#8220; bg_video=&#8220;yes&#8220; mp4=&#8220;http:\/\/areospolis.gr\/areospolis.mp4&#8243; poster_image=&#8220;https:\/\/areospolis.gr\/wp-content\/uploads\/2019\/11\/areospolis-03.jpg&#8220; full_width=&#8220;true&#8220; full_height=&#8220;true&#8220; padding_top=&#8220;0&#8243; padding_bottom=&#8220;0&#8243; skip_arrow=&#8220;true&#8220; el_class=&#8220;taratza&#8220; sidebar=&#8220;sidebar-1&#8243;][vc_column][\/vc_column][\/mk_page_section][vc_row][vc_column][vc_empty_space height=&#8220;60px&#8220;][\/vc_column][\/vc_row][vc_row css=&#8220;.vc_custom_1574615249786{padding-top: 45px !important;padding-bottom: 45px !important;}&#8220;][vc_column width=&#8220;1\/2&#8243;][vc_row_inner][vc_column_inner width=&#8220;1\/4&#8243;][\/vc_column_inner][vc_column_inner width=&#8220;3\/4&#8243;][vc_column_text css=&#8220;.vc_custom_1577115693117{margin-bottom: 0px !important;}&#8220;] TERRASSE [\/vc_column_text][\/vc_column_inner][\/vc_row_inner][vc_row_inner][vc_column_inner width=&#8220;1\/4&#8243; offset=&#8220;vc_hidden-xs&#8220;][vc_single_image image=&#8220;803&#8243; img_size=&#8220;full&#8220;][\/vc_column_inner][vc_column_inner width=&#8220;3\/4&#8243;][vc_column_text css=&#8220;.vc_custom_1577115796251{margin-bottom: 0px !important;}&#8220;] ROOF GARDEN Genie\u00dfen Sie die atemberaubende Aussicht auf das traditionelle Areopoli unter einem spektakul\u00e4ren Sternenhimmel im Caf\u00e9-Bistro Tarratz\u03b1 [&hellip;]<\/p>\n","protected":false},"author":2,"featured_media":0,"parent":0,"menu_order":0,"comment_status":"closed","ping_status":"closed","template":"","meta":{"footnotes":""},"class_list":["post-1380","page","type-page","status-publish","hentry"],"_links":{"self":[{"href":"https:\/\/areospolis.gr\/de\/wp-json\/wp\/v2\/pages\/1380","targetHints":{"allow":["GET"]}}],"collection":[{"href":"https:\/\/areospolis.gr\/de\/wp-json\/wp\/v2\/pages"}],"about":[{"href":"https:\/\/areospolis.gr\/de\/wp-json\/wp\/v2\/types\/page"}],"author":[{"embeddable":true,"href":"https:\/\/areospolis.gr\/de\/wp-json\/wp\/v2\/users\/2"}],"replies":[{"embeddable":true,"href":"https:\/\/areospolis.gr\/de\/wp-json\/wp\/v2\/comments?post=1380"}],"version-history":[{"count":5,"href":"https:\/\/areospolis.gr\/de\/wp-json\/wp\/v2\/pages\/1380\/revisions"}],"predecessor-version":[{"id":1386,"href":"https:\/\/areospolis.gr\/de\/wp-json\/wp\/v2\/pages\/1380\/revisions\/1386"}],"wp:attachment":[{"href":"https:\/\/areospolis.gr\/de\/wp-json\/wp\/v2\/media?parent=1380"}],"curies":[{"name":"wp","href":"https:\/\/api.w.org\/{rel}","templated":true}]}}