{"id":1769,"date":"2024-01-05T14:20:33","date_gmt":"2024-01-05T12:20:33","guid":{"rendered":"https:\/\/areospolis.gr\/home2\/"},"modified":"2024-01-05T14:46:13","modified_gmt":"2024-01-05T12:46:13","slug":"home2","status":"publish","type":"page","link":"https:\/\/areospolis.gr\/de\/","title":{"rendered":"Areospolis Boutique Hotel \u2013 Lakonien, Mani"},"content":{"rendered":"<div class=\"wpb-content-wrapper\">[mk_page_section bg_image=&#8220;https:\/\/areospolis.gr\/wp-content\/uploads\/2019\/11\/areospolis-10.jpg&#8220; attachment=&#8220;fixed&#8220; bg_position=&#8220;center center&#8220; bg_stretch=&#8220;true&#8220; min_height=&#8220;506&#8243; full_width=&#8220;true&#8220; full_height=&#8220;true&#8220; padding_top=&#8220;-&#8220; padding_bottom=&#8220;-&#8220; skip_arrow=&#8220;true&#8220; visibility=&#8220;hidden-nb&#8220; el_class=&#8220;welcome&#8220; sidebar=&#8220;sidebar-1&#8243;][vc_column css=&#8220;.vc_custom_1574795057489{margin-top: 0px !important;margin-right: 0px !important;margin-bottom: 0px !important;margin-left: 0px !important;border-top-width: 0px !important;border-right-width: 0px !important;border-bottom-width: 0px !important;border-left-width: 0px !important;padding-top: 0px !important;padding-right: 0px !important;padding-bottom: 0px !important;padding-left: 0px !important;background-position: center !important;background-repeat: no-repeat !important;background-size: contain !important;}&#8220; el_class=&#8220;ert&#8220;][\/vc_column][\/mk_page_section][mk_page_section bg_image=&#8220;https:\/\/areospolis.gr\/wp-content\/uploads\/2019\/11\/areospolis-10.jpg&#8220; attachment=&#8220;fixed&#8220; bg_position=&#8220;center center&#8220; bg_stretch=&#8220;true&#8220; min_height=&#8220;650&#8243; full_width=&#8220;true&#8220; visibility=&#8220;hidden-nb&#8220; sidebar=&#8220;sidebar-1&#8243;][vc_column][\/vc_column][\/mk_page_section][mk_page_section bg_image=&#8220;https:\/\/areospolis.gr\/wp-content\/uploads\/2019\/11\/areospolis-10.jpg&#8220; bg_position=&#8220;center center&#8220; bg_stretch=&#8220;true&#8220; enable_3d=&#8220;true&#8220; video_color_mask=&#8220;#000000&#8243; video_opacity=&#8220;0.5&#8243; min_height=&#8220;430&#8243; full_width=&#8220;true&#8220; full_height=&#8220;true&#8220; skip_arrow=&#8220;true&#8220; visibility=&#8220;visible-nb&#8220; sidebar=&#8220;sidebar-1&#8243;][vc_column][vc_column_text css=&#8220;.vc_custom_1575079750086{margin-bottom: 0px !important;padding-top: 160px !important;padding-bottom: 70px !important;}&#8220;]\n<p style=\"text-align: center;\"><span style=\"font-size: 50px; font-weight: 900; color: #f5f5f5;\">WILLKOMMEN IM<br \/>\nAREOS POLIS<\/span><br \/>\n<span style=\"font-size: 30px; font-weight: 900; color: #f5f5f5;\">BOUTIQUE HOTEL<\/span><\/p>\n[\/vc_column_text][\/vc_column][\/mk_page_section][vc_row][vc_column][vc_empty_space height=&#8220;50px&#8220;][\/vc_column][\/vc_row][vc_row][vc_column][\/vc_column][\/vc_row][vc_row][vc_column css=&#8220;.vc_custom_1574300373474{padding-top: 35px !important;}&#8220;][vc_column_text animation=&#8220;fade-in&#8220; el_class=&#8220;pp&#8220; css=&#8220;.vc_custom_1593738538029{margin-bottom: 0px !important;}&#8220;]<span style=\"text-align: left; font-weight: 900; font-size: 60px;\">AREOS POLIS<\/span><\/p>\n<div style=\"font-size: 27px;\">BOUTIQUE HOTEL<br \/>\n<span style=\"font-size: 20px;\">Areospolis \u2013 Lakonia, Mani<\/span><\/div>\n[\/vc_column_text][vc_column_text css=&#8220;.vc_custom_1593738831818{margin-top: 0px !important;margin-bottom: 0px !important;border-top-width: 0px !important;border-bottom-width: 0px !important;padding-top: 0px !important;padding-bottom: 0px !important;}&#8220;]\n<div style=\"float: right;\"><img loading=\"lazy\" decoding=\"async\" class=\"alignnone wp-image-1576 \" src=\"https:\/\/areospolis.gr\/wp-content\/uploads\/2020\/07\/ezgif-3-ab8e07df3403.jpg\" alt=\"\" width=\"57\" height=\"39\">  <span style=\"color: #ff0000;\"><a style=\"font-weight: 600; color: #ff0000;\" href=\"https:\/\/areospolis.gr\/general-health-and-safety-protocols\/\"><u>General Health and Safety Protocols \u21a0<\/u><\/a><\/span><\/div>\n[\/vc_column_text][\/vc_column][\/vc_row][vc_row][vc_column][vc_empty_space][\/vc_column][\/vc_row][vc_row][vc_column width=&#8220;1\/2&#8243;][vc_single_image image=&#8220;959&#8243; img_size=&#8220;full&#8220; alignment=&#8220;center&#8220; css_animation=&#8220;fadeIn&#8220;][\/vc_column][vc_column width=&#8220;1\/2&#8243;][vc_column_text animation=&#8220;fade-in&#8220; css=&#8220;.vc_custom_1575294466521{margin-bottom: 0px !important;}&#8220;]\n<p style=\"text-align: justify;\">n der historischen Hauptstadt der Mani , im Zentrum der geschichtstr\u00e4chtigen Gemeinde Areopolis, befindet sich das Areos Polis Boutique Hotel.<\/p>\n<p style=\"text-align: justify;\">Ein freundlicher Empfang, die vielger\u00fchmte Gastfreundschaft der Einwohner der Mani, die Sie in unserem Familienbetrieb genie\u00dfen werden und die ideale Lage unseres Hauses versprechen einen unvergesslichen Aufenthalt in einer Atmosph\u00e4re von bezahlbarem Luxus.<\/p>\n<p style=\"text-align: justify;\">Das Hotel ist im Stil der beeindruckenden maniatischen Architektur erbaut, es f\u00fcgt sich harmonisch in seine Umgebung ein und seine bequemen R\u00e4umlichkeiten und Zimmer werden Sie begeistern. Es ist zu jeder Jahreszeit der ideale Ausgangspunkt f\u00fcr Ausfl\u00fcge in die wundersch\u00f6ne Mani mit ihren Turmh\u00e4usern.<\/p>\n[\/vc_column_text][\/vc_column][\/vc_row][vc_row][vc_column][vc_empty_space height=&#8220;55px&#8220;][\/vc_column][\/vc_row][vc_row visibility=&#8220;hidden-sm&#8220; css=&#8220;.vc_custom_1575295867954{margin-top: 0px !important;margin-right: 0px !important;margin-bottom: 0px !important;margin-left: 0px !important;padding-top: 0px !important;padding-right: 0px !important;padding-bottom: 0px !important;padding-left: 0px !important;}&#8220;][vc_column css=&#8220;.vc_custom_1574811272873{margin: 0px !important;padding: 0px !important;border: 0px initial !important;}&#8220;][vc_column_text animation=&#8220;left-to-right&#8220; css=&#8220;.vc_custom_1575080401664{margin-bottom: 0px !important;margin-left: 0px !important;border-left-width: 0px !important;padding-left: 0px !important;}&#8220;]\n<h2 style=\"font-size: 50px; font-weight: 900;\">UNTERBRINGUNG<\/h2>\n[\/vc_column_text][\/vc_column][\/vc_row][vc_row visibility=&#8220;visible-sm&#8220; css=&#8220;.vc_custom_1575295880442{margin-top: 0px !important;margin-right: 0px !important;margin-bottom: 0px !important;margin-left: 0px !important;padding-top: 0px !important;padding-right: 0px !important;padding-bottom: 0px !important;padding-left: 0px !important;}&#8220;][vc_column css=&#8220;.vc_custom_1574811272873{margin: 0px !important;padding: 0px !important;border: 0px initial !important;}&#8220;][vc_column_text animation=&#8220;left-to-right&#8220; css=&#8220;.vc_custom_1575295919278{margin-bottom: 0px !important;margin-left: 0px !important;border-left-width: 0px !important;padding-left: 0px !important;}&#8220;]\n<h2 style=\"font-size: 43px; font-weight: 900;\">UNTERBRINGUNG<\/h2>\n[\/vc_column_text][\/vc_column][\/vc_row][vc_row css=&#8220;.vc_custom_1574811140075{margin-top: 0px !important;border-top-width: 0px !important;padding-top: 0px !important;}&#8220;][vc_column width=&#8220;2\/3&#8243; css=&#8220;.vc_custom_1574811201209{padding-top: px !important;}&#8220;][vc_column_text animation=&#8220;fade-in&#8220; css=&#8220;.vc_custom_1704453948259{margin-bottom: 0px !important;}&#8220;]\n<p style=\"text-align: justify;\">Die Einrichtung und Dekoration der 24 Zimmer und Suiten sowie aller weiteren R\u00e4umlichkeiten des Areos Polis sind inspiriert von der langen Geschichte der Mani; wobei wir besonderen Wert auf Romantik, Wohlbefinden und Urspr\u00fcnglichkeit legen. Klare und nat\u00fcrliche Farben schenken den R\u00e4umlichkeiten Helligkeit und eine warme Atmosph\u00e4re, Objekte und M\u00f6bel schaffen eine Aura der Entspannung und der h\u00e4uslichen Geborgenheit.<\/p>\n<p style=\"text-align: justify;\">Alle Zimmer des Areos Polis bieten unseren G\u00e4sten jede moderne Bequemlichkeit wie LCD Fernseher mit Satelliten- und Erd- Empfang, Telefon, Klimaanlage, F\u00f6hn, Minibar, freien Internetanschluss, Safe, Pflegeprodukte, anatomische und hypoallergene Matratzen, Handt\u00fccher und Bettw\u00e4sche von bester Qualit\u00e4t, Zimmerservice, bequeme Badezimmer mit Dusche oder Wassermassage -Kabinen, in den Suiten Jacuzzi; zwei Suiten verf\u00fcgen au\u00dferdem \u00fcber feingearbeitete Marmorkamine.<\/p>\n<p style=\"text-align: justify;\">Das Hotel verf\u00fcgt \u00fcber alle notwendigen Einrichtungen f\u00fcr Personen mit Behinderungen.<\/p>\n[\/vc_column_text][\/vc_column][vc_column width=&#8220;1\/3&#8243;][vc_column_text align=&#8220;center&#8220; animation=&#8220;flip-y&#8220; css=&#8220;.vc_custom_1575080533021{padding-top: 30px !important;padding-right: 30px !important;padding-bottom: 30px !important;padding-left: 30px !important;background-color: #f9f9f9 !important;}&#8220;]\n<h4>BOOK ONLINE<\/h4>\n[book_webhotelier][\/vc_column_text][\/vc_column][\/vc_row][vc_row][vc_column][vc_empty_space height=&#8220;65px&#8220;][\/vc_column][\/vc_row][vc_row visibility=&#8220;hidden-sm&#8220;][vc_column width=&#8220;1\/4&#8243; css=&#8220;.vc_custom_1574815557996{margin-bottom: -50px !important;}&#8220;][vc_single_image image=&#8220;996&#8243; img_size=&#8220;full&#8220; css=&#8220;.vc_custom_1574815270523{margin-bottom: 0px !important;margin-left: -40px !important;}&#8220; el_id=&#8220;op&#8220;][\/vc_column][vc_column width=&#8220;1\/4&#8243;][\/vc_column][vc_column width=&#8220;1\/4&#8243;][\/vc_column][vc_column width=&#8220;1\/4&#8243;][\/vc_column][\/vc_row][vc_row][vc_column width=&#8220;2\/3&#8243;][vc_single_image image=&#8220;976&#8243; img_size=&#8220;full&#8220; alignment=&#8220;center&#8220; css_animation=&#8220;fadeIn&#8220;][\/vc_column][vc_column width=&#8220;1\/3&#8243;][vc_column_text animation=&#8220;fade-in&#8220; css=&#8220;.vc_custom_1575080297519{margin-bottom: 0px !important;}&#8220;]\n<h1 style=\"text-align: center; font-size: 70px; font-weight: 900;\">ZIMMER<\/h1>\n<p style=\"text-align: justify;\">Die Einrichtung und Dekoration der 24 Zimmer und Suiten sowie aller weiteren R\u00e4umlichkeiten des Areos Polis sind inspiriert von der langen Geschichte der Mani; wobei wir besonderen Wert auf Romantik, Wohlbefinden und Urspr\u00fcnglichkeit legen. Klare und nat\u00fcrliche Farben schenken den R\u00e4umlichkeiten Helligkeit und eine warme Atmosph\u00e4re, Objekte und M\u00f6bel schaffen eine Aura der Entspannung und der h\u00e4uslichen Geborgenheit.<\/p>\n[\/vc_column_text][mk_button dimension=&#8220;savvy&#8220; size=&#8220;x-large&#8220; letter_spacing=&#8220;1&#8243; url=&#8220;https:\/\/areospolis.gr\/rooms-suites\/&#8220; align=&#8220;center&#8220; margin_right=&#8220;0&#8243; animation=&#8220;left-to-right&#8220; el_class=&#8220;buttonrooms&#8220;]SEE THE ROOMS[\/mk_button][\/vc_column][\/vc_row][vc_row][vc_column][vc_empty_space height=&#8220;65px&#8220;][\/vc_column][\/vc_row][vc_row][vc_column width=&#8220;1\/3&#8243;][vc_column_text animation=&#8220;fade-in&#8220; css=&#8220;.vc_custom_1575080069639{margin-bottom: 0px !important;}&#8220;]\n<h1 style=\"text-align: center; font-size: 38px; font-weight: 900;\">GASTRONOMIE<\/h1>\n<p style=\"text-align: justify;\">Im Gebiet der Mani findet man frische und naturbelassene Produkte, zur Zufriedenheit jedes K\u00fcchenchefs. Extra naturbelassenes Oliven\u00f6l, das hier direkt aus dem Anbau der Familie des Areos Polis gewonnen wird, Honig, biologisch angebautes Gem\u00fcse und Obst, Milchprodukte, sowie Teigwaren aus eigener Herstellung sind die Zutaten, aus denen das reichhaltig best\u00fcckte Fr\u00fchst\u00fccksb\u00fcffet des Areos Polis besteht, das Ihnen neue Geschmackserlebnisse bietet.<\/p>\n[\/vc_column_text][\/vc_column][vc_column width=&#8220;1\/3&#8243;][vc_single_image image=&#8220;863&#8243; img_size=&#8220;full&#8220; alignment=&#8220;center&#8220; css_animation=&#8220;fadeIn&#8220;][\/vc_column][vc_column width=&#8220;1\/3&#8243;][vc_column_text animation=&#8220;fade-in&#8220; css=&#8220;.vc_custom_1575080091137{margin-bottom: 0px !important;}&#8220;]Im gem\u00fctlichen und ruhigen Cafeteria- und Barbereich des Hotels k\u00f6nnen Sie Ihren Kaffee oder Ihren Drink genie\u00dfen. Verschiedene Kaffeespezialit\u00e4ten, sowie eine Auswahl an Teesorten werden hier serviert, Sie k\u00f6nnen leichte Snacks kosten und in den gem\u00fctlichen Sesseln vor dem Kamin, vielleicht in Gesellschaft eines guten Buches, entspannen.[\/vc_column_text][\/vc_column][\/vc_row][vc_row][vc_column][vc_empty_space height=&#8220;65px&#8220;][\/vc_column][\/vc_row][vc_row][vc_column width=&#8220;1\/2&#8243;][vc_empty_space][vc_single_image image=&#8220;1693&#8243; img_size=&#8220;full&#8220; alignment=&#8220;center&#8220; css_animation=&#8220;fadeIn&#8220;][\/vc_column][vc_column width=&#8220;1\/2&#8243;][vc_column_text animation=&#8220;fade-in&#8220; css=&#8220;.vc_custom_1693958601867{margin-bottom: 0px !important;}&#8220;]\n<h1 style=\"text-align: center; font-size: 38px; font-weight: 900;\">Schwimmbad<br \/>\n&amp; Pool Bar<\/h1>\n<p>Tauchen Sie ein in die Ruhe in unserem glitzernden Swimmingpool, wo kristallklares Wasser Sie zum Entspannen und Sonnenbaden einl\u00e4dt.<\/p>\n<p>F\u00fcr diejenigen, die ihren Durst stillen m\u00f6chten, serviert unsere Poolbar erfrischende Cocktails und k\u00f6stliche Snacks, um Ihr Erlebnis am Pool zu bereichern.[\/vc_column_text][\/vc_column][\/vc_row]\n<\/div>","protected":false},"excerpt":{"rendered":"<p>[mk_page_section bg_image=&#8220;https:\/\/areospolis.gr\/wp-content\/uploads\/2019\/11\/areospolis-10.jpg&#8220; attachment=&#8220;fixed&#8220; bg_position=&#8220;center center&#8220; bg_stretch=&#8220;true&#8220; min_height=&#8220;506&#8243; full_width=&#8220;true&#8220; full_height=&#8220;true&#8220; padding_top=&#8220;-&#8220; padding_bottom=&#8220;-&#8220; skip_arrow=&#8220;true&#8220; visibility=&#8220;hidden-nb&#8220; el_class=&#8220;welcome&#8220; sidebar=&#8220;sidebar-1&#8243;][vc_column css=&#8220;.vc_custom_1574795057489{margin-top: 0px !important;margin-right: 0px !important;margin-bottom: 0px !important;margin-left: 0px !important;border-top-width: 0px !important;border-right-width: 0px !important;border-bottom-width: 0px !important;border-left-width: 0px !important;padding-top: 0px !important;padding-right: 0px !important;padding-bottom: 0px !important;padding-left: 0px !important;background-position: center !important;background-repeat: no-repeat !important;background-size: contain !important;}&#8220; el_class=&#8220;ert&#8220;][\/vc_column][\/mk_page_section][mk_page_section bg_image=&#8220;https:\/\/areospolis.gr\/wp-content\/uploads\/2019\/11\/areospolis-10.jpg&#8220; attachment=&#8220;fixed&#8220; bg_position=&#8220;center center&#8220; bg_stretch=&#8220;true&#8220; min_height=&#8220;650&#8243; full_width=&#8220;true&#8220; visibility=&#8220;hidden-nb&#8220; [&hellip;]<\/p>\n","protected":false},"author":2,"featured_media":0,"parent":0,"menu_order":0,"comment_status":"closed","ping_status":"closed","template":"","meta":{"footnotes":""},"class_list":["post-1769","page","type-page","status-publish","hentry"],"_links":{"self":[{"href":"https:\/\/areospolis.gr\/de\/wp-json\/wp\/v2\/pages\/1769","targetHints":{"allow":["GET"]}}],"collection":[{"href":"https:\/\/areospolis.gr\/de\/wp-json\/wp\/v2\/pages"}],"about":[{"href":"https:\/\/areospolis.gr\/de\/wp-json\/wp\/v2\/types\/page"}],"author":[{"embeddable":true,"href":"https:\/\/areospolis.gr\/de\/wp-json\/wp\/v2\/users\/2"}],"replies":[{"embeddable":true,"href":"https:\/\/areospolis.gr\/de\/wp-json\/wp\/v2\/comments?post=1769"}],"version-history":[{"count":1,"href":"https:\/\/areospolis.gr\/de\/wp-json\/wp\/v2\/pages\/1769\/revisions"}],"predecessor-version":[{"id":1773,"href":"https:\/\/areospolis.gr\/de\/wp-json\/wp\/v2\/pages\/1769\/revisions\/1773"}],"wp:attachment":[{"href":"https:\/\/areospolis.gr\/de\/wp-json\/wp\/v2\/media?parent=1769"}],"curies":[{"name":"wp","href":"https:\/\/api.w.org\/{rel}","templated":true}]}}